{"id":9,"date":"2023-07-03T16:14:28","date_gmt":"2023-07-03T16:14:28","guid":{"rendered":"https:\/\/www.bodegasantidoto.com\/?page_id=9"},"modified":"2026-02-19T11:49:48","modified_gmt":"2026-02-19T11:49:48","slug":"home","status":"publish","type":"page","link":"https:\/\/www.bodegasantidoto.com\/","title":{"rendered":"INICIO"},"content":{"rendered":"<p>[et_pb_section fb_built=\u00bb1&#8243; _builder_version=\u00bb4.21.0&#8243; _module_preset=\u00bbdefault\u00bb use_background_color_gradient=\u00bbon\u00bb background_color_gradient_direction=\u00bb202deg\u00bb background_color_gradient_stops=\u00bbrgba(0,0,0,0.48) 0%|rgba(0,0,0,0.44) 100%\u00bb background_color_gradient_overlays_image=\u00bbon\u00bb background_image=\u00bbhttps:\/\/www.bodegasantidoto.com\/wp-content\/uploads\/2023\/07\/63_ANTIDOTO_030523_WEB.jpg\u00bb parallax=\u00bbon\u00bb custom_padding=\u00bb150px||150px|||\u00bb global_colors_info=\u00bb{}\u00bb][et_pb_row _builder_version=\u00bb4.20.0&#8243; _module_preset=\u00bbdefault\u00bb global_colors_info=\u00bb{}\u00bb][et_pb_column type=\u00bb4_4&#8243; _builder_version=\u00bb4.20.0&#8243; _module_preset=\u00bbdefault\u00bb global_colors_info=\u00bb{}\u00bb][et_pb_image src=\u00bbhttps:\/\/www.bodegasantidoto.com\/wp-content\/uploads\/2023\/07\/BA_Logo-completo-e1688677649253.png\u00bb title_text=\u00bbBA_Logo-completo\u00bb align=\u00bbcenter\u00bb _builder_version=\u00bb4.21.0&#8243; _module_preset=\u00bbdefault\u00bb width=\u00bb70%\u00bb width_tablet=\u00bb100%\u00bb width_phone=\u00bb100%\u00bb width_last_edited=\u00bbon|phone\u00bb module_alignment=\u00bbcenter\u00bb filter_hue_rotate=\u00bb359deg\u00bb filter_saturate=\u00bb200%\u00bb filter_brightness=\u00bb0%\u00bb filter_contrast=\u00bb200%\u00bb filter_invert=\u00bb100%\u00bb global_colors_info=\u00bb{}\u00bb][\/et_pb_image][\/et_pb_column][\/et_pb_row][\/et_pb_section][et_pb_section fb_built=\u00bb1&#8243; admin_label=\u00bbCTA\u00bb _builder_version=\u00bb4.21.0&#8243; background_image=\u00bbhttps:\/\/www.bodegasantidoto.com\/wp-content\/uploads\/2023\/07\/05_ANTIDOTO_030523_WEB.jpg\u00bb custom_margin=\u00bb|||\u00bb custom_padding=\u00bb10px||361px|||\u00bb collapsed=\u00bbon\u00bb global_colors_info=\u00bb{}\u00bb][et_pb_row _builder_version=\u00bb4.20.0&#8243; _module_preset=\u00bbdefault\u00bb custom_margin=\u00bb|auto|9px|auto||\u00bb custom_padding=\u00bb113px||0px|||\u00bb global_colors_info=\u00bb{}\u00bb][et_pb_column type=\u00bb4_4&#8243; _builder_version=\u00bb4.20.0&#8243; _module_preset=\u00bbdefault\u00bb global_colors_info=\u00bb{}\u00bb][et_pb_text admin_label=\u00bbCTA Section Title\u00bb _builder_version=\u00bb4.21.0&#8243; text_font=\u00bb||||\u00bb text_line_height=\u00bb1em\u00bb header_font=\u00bb|600||on|||||\u00bb header_text_align=\u00bbcenter\u00bb header_font_size=\u00bb16px\u00bb header_line_height=\u00bb1.2em\u00bb header_3_font=\u00bbgill-sans-bold||||||||\u00bb width=\u00bb55%\u00bb module_alignment=\u00bbcenter\u00bb custom_margin=\u00bb||5px|||\u00bb custom_padding=\u00bb||8px|||\u00bb animation_style=\u00bbslide\u00bb animation_direction=\u00bbtop\u00bb animation_intensity_slide=\u00bb10%\u00bb locked=\u00bboff\u00bb global_colors_info=\u00bb{}\u00bb]<\/p>\n<h1>BODEGAS<\/h1>\n<p>[\/et_pb_text][et_pb_text admin_label=\u00bbCTA Section Title\u00bb _builder_version=\u00bb4.21.0&#8243; text_font=\u00bb||||\u00bb text_line_height=\u00bb1em\u00bb header_font=\u00bbzt-mota-regular||||||||\u00bb header_text_align=\u00bbcenter\u00bb header_font_size=\u00bb45px\u00bb width=\u00bb61%\u00bb width_tablet=\u00bb61%\u00bb width_phone=\u00bb100%\u00bb width_last_edited=\u00bbon|phone\u00bb max_width=\u00bb100%\u00bb module_alignment=\u00bbcenter\u00bb custom_margin=\u00bb||5px|||\u00bb custom_padding=\u00bb|||\u00bb animation_style=\u00bbslide\u00bb animation_direction=\u00bbtop\u00bb animation_intensity_slide=\u00bb10%\u00bb header_font_size_tablet=\u00bb45px\u00bb header_font_size_phone=\u00bb45px\u00bb header_font_size_last_edited=\u00bbon|phone\u00bb locked=\u00bboff\u00bb global_colors_info=\u00bb{}\u00bb]<\/p>\n<h1>El comienzo de una historia entre Soria y sus vinos que todav\u00eda tiene muchas p\u00e1ginas por escribir<\/h1>\n<p>[\/et_pb_text][et_pb_text admin_label=\u00bbCTA Section Title\u00bb _builder_version=\u00bb4.21.0&#8243; text_font=\u00bb||||\u00bb text_line_height=\u00bb1em\u00bb header_font=\u00bbgill-sans-regular|700||on|||||\u00bb header_text_align=\u00bbcenter\u00bb header_font_size=\u00bb16px\u00bb header_line_height=\u00bb1.2em\u00bb header_3_font=\u00bbgill-sans-medium||||||||\u00bb width=\u00bb55%\u00bb module_alignment=\u00bbcenter\u00bb custom_margin=\u00bb15px||5px||false|false\u00bb custom_padding=\u00bb||0px|||\u00bb animation_style=\u00bbslide\u00bb animation_direction=\u00bbtop\u00bb animation_intensity_slide=\u00bb10%\u00bb locked=\u00bboff\u00bb global_colors_info=\u00bb{}\u00bb]<\/p>\n<h1>ANT\u00cdDOTO<\/h1>\n<p>[\/et_pb_text][\/et_pb_column][\/et_pb_row][\/et_pb_section][et_pb_section fb_built=\u00bb1&#8243; _builder_version=\u00bb4.20.0&#8243; background_color=\u00bb#19180f\u00bb custom_padding=\u00bb110px||110px|\u00bb collapsed=\u00bbon\u00bb global_colors_info=\u00bb{}\u00bb][et_pb_row column_structure=\u00bb1_2,1_2&#8243; _builder_version=\u00bb4.16&#8243; global_colors_info=\u00bb{}\u00bb][et_pb_column type=\u00bb1_2&#8243; _builder_version=\u00bb4.16&#8243; custom_padding=\u00bb|||\u00bb global_colors_info=\u00bb{}\u00bb custom_padding__hover=\u00bb|||\u00bb][et_pb_image src=\u00bbhttps:\/\/www.bodegasantidoto.com\/wp-content\/uploads\/2023\/07\/231_ANTIDOTO_030523_WEB.jpg\u00bb title_text=\u00bb231_ANTIDOTO_030523_WEB\u00bb align_tablet=\u00bbcenter\u00bb align_phone=\u00bb\u00bb align_last_edited=\u00bbon|desktop\u00bb _builder_version=\u00bb4.21.0&#8243; custom_margin=\u00bb0px|||||\u00bb animation_style=\u00bbfold\u00bb animation_direction=\u00bbleft\u00bb animation_intensity_fold=\u00bb20%\u00bb animation=\u00bbfade_in\u00bb global_colors_info=\u00bb{}\u00bb][\/et_pb_image][\/et_pb_column][et_pb_column type=\u00bb1_2&#8243; _builder_version=\u00bb4.20.0&#8243; _module_preset=\u00bbdefault\u00bb global_colors_info=\u00bb{}\u00bb][et_pb_text admin_label=\u00bbDiscover Beatuty Sub Title\u00bb _builder_version=\u00bb4.21.0&#8243; text_font=\u00bbRoboto||||\u00bb text_text_color=\u00bb#1a1a1a\u00bb text_font_size=\u00bb24px\u00bb text_line_height=\u00bb1.4em\u00bb header_font=\u00bbzt-mota-regular||||||||\u00bb header_text_color=\u00bb#abab8b\u00bb header_2_font=\u00bbzt-mota-regular||||||||\u00bb header_2_text_color=\u00bb#abab8b\u00bb header_2_font_size=\u00bb33px\u00bb custom_padding=\u00bb40px|||||\u00bb animation_style=\u00bbslide\u00bb animation_direction=\u00bbtop\u00bb animation_intensity_slide=\u00bb10%\u00bb global_colors_info=\u00bb{}\u00bb]<\/p>\n<h2>UNA TIERRA \u00daNICA<\/h2>\n<p>[\/et_pb_text][et_pb_text admin_label=\u00bbDiscover Beatuty Text\u00bb _builder_version=\u00bb4.21.0&#8243; text_font=\u00bbgill-sans-regular||||||||\u00bb text_text_color=\u00bb#abab8b\u00bb text_font_size=\u00bb22px\u00bb text_line_height=\u00bb1.2em\u00bb custom_padding=\u00bb1px|||||\u00bb animation_style=\u00bbslide\u00bb animation_direction=\u00bbtop\u00bb animation_delay=\u00bb200ms\u00bb animation_intensity_slide=\u00bb10%\u00bb global_colors_info=\u00bb{}\u00bb]<\/p>\n<p>Bodegas Ant\u00eddoto recoge la tradici\u00f3n vin\u00edcola de una tierra con vi\u00f1as centenarias, \u00fanica y especial por su altitud, su clima y las peculiaridades de un terreno que le confieren el car\u00e1cter diferenciador respecto al resto de la Ribera del Duero.<\/p>\n<p>Trabajamos mano a mano con los viticultores de la zona de San Esteban, en 640 peque\u00f1as parcelas que suman 106 hect\u00e1reas repartidas en 12 poblaciones.\u00a0<\/p>\n<p>&nbsp;<\/p>\n<p><span style=\"color: #abab8b;\"><a href=\"https:\/\/www.bodegasantidoto.com\/index.php\/bodega\/\" style=\"color: #abab8b;\"><strong>QUIERO SABER M\u00c1S_<\/strong><\/a><\/span><\/p>\n<p>[\/et_pb_text][\/et_pb_column][\/et_pb_row][\/et_pb_section][et_pb_section fb_built=\u00bb1&#8243; _builder_version=\u00bb4.20.0&#8243; _module_preset=\u00bbdefault\u00bb background_color=\u00bb#525216&#8243; custom_padding=\u00bb78px||4px|||\u00bb collapsed=\u00bbon\u00bb global_colors_info=\u00bb{}\u00bb][et_pb_row _builder_version=\u00bb4.20.0&#8243; _module_preset=\u00bbdefault\u00bb custom_padding=\u00bb||67px|||\u00bb global_colors_info=\u00bb{}\u00bb][et_pb_column type=\u00bb4_4&#8243; _builder_version=\u00bb4.20.0&#8243; _module_preset=\u00bbdefault\u00bb global_colors_info=\u00bb{}\u00bb][et_pb_text admin_label=\u00bbCTA Section Title\u00bb _builder_version=\u00bb4.21.0&#8243; text_font=\u00bb||||\u00bb text_line_height=\u00bb1em\u00bb header_font=\u00bbzt-mota-regular||||||||\u00bb header_text_align=\u00bbcenter\u00bb header_text_color=\u00bb#a7a788&#8243; header_font_size=\u00bb45px\u00bb width=\u00bb61%\u00bb width_tablet=\u00bb61%\u00bb width_phone=\u00bb100%\u00bb width_last_edited=\u00bbon|phone\u00bb max_width=\u00bb100%\u00bb module_alignment=\u00bbcenter\u00bb custom_margin=\u00bb||5px|||\u00bb custom_padding=\u00bb|||\u00bb animation_style=\u00bbslide\u00bb animation_direction=\u00bbtop\u00bb animation_intensity_slide=\u00bb10%\u00bb header_font_size_tablet=\u00bb45px\u00bb header_font_size_phone=\u00bb45px\u00bb header_font_size_last_edited=\u00bbon|phone\u00bb locked=\u00bboff\u00bb global_colors_info=\u00bb{}\u00bb]<\/p>\n<h1>Trabajamos con los viticultores de la zona, con vi\u00f1as viejas y j\u00f3venes en un entramado de peque\u00f1as parcelas<\/h1>\n<p>[\/et_pb_text][\/et_pb_column][\/et_pb_row][et_pb_row _builder_version=\u00bb4.16&#8243; max_width=\u00bb1280px\u00bb custom_padding=\u00bb0px||82px|||\u00bb use_custom_width=\u00bbon\u00bb custom_width_px=\u00bb1280px\u00bb global_colors_info=\u00bb{}\u00bb][et_pb_column type=\u00bb4_4&#8243; _builder_version=\u00bb4.16&#8243; custom_padding=\u00bb|||\u00bb global_colors_info=\u00bb{}\u00bb custom_padding__hover=\u00bb|||\u00bb][et_pb_image src=\u00bbhttps:\/\/www.bodegasantidoto.com\/wp-content\/uploads\/2023\/07\/cepa_viejas.jpg\u00bb title_text=\u00bbcepa_viejas\u00bb _builder_version=\u00bb4.21.0&#8243; _module_preset=\u00bbdefault\u00bb custom_margin=\u00bb||45px|||\u00bb global_colors_info=\u00bb{}\u00bb][\/et_pb_image][et_pb_text admin_label=\u00bbDiscover Beatuty Text\u00bb _builder_version=\u00bb4.21.0&#8243; text_font=\u00bbgill-sans-regular||||||||\u00bb text_text_color=\u00bb#ccccb1&#8243; text_font_size=\u00bb22px\u00bb text_line_height=\u00bb1.2em\u00bb width=\u00bb70%\u00bb width_tablet=\u00bb70%\u00bb width_phone=\u00bb100%\u00bb width_last_edited=\u00bbon|phone\u00bb max_width=\u00bb100%\u00bb custom_margin=\u00bb|||0px|false|false\u00bb custom_padding=\u00bb1px||68px|||\u00bb animation_style=\u00bbslide\u00bb animation_direction=\u00bbtop\u00bb animation_delay=\u00bb200ms\u00bb animation_intensity_slide=\u00bb10%\u00bb global_colors_info=\u00bb{}\u00bb]<\/p>\n<p>Un gran equipo humano trabaja con el compromiso de transmitir a los vinos las cualidades \u00fanicas de la Ribera soriana. La abundante presencia de vi\u00f1as viejas habla de que aqu\u00ed exist\u00eda tradici\u00f3n de elaborar vino. Nuestra visi\u00f3n siempre ha estado en rescatar esa herencia y renovarla. Y seguimos explorando, porque la historia de los vinos de Soria no ha hecho m\u00e1s que empezar.\u00a0<\/p>\n<p>[\/et_pb_text][\/et_pb_column][\/et_pb_row][\/et_pb_section][et_pb_section fb_built=\u00bb1&#8243; _builder_version=\u00bb4.20.0&#8243; _module_preset=\u00bbdefault\u00bb background_color=\u00bb#f0eae0&#8243; global_colors_info=\u00bb{}\u00bb][et_pb_row _builder_version=\u00bb4.20.0&#8243; _module_preset=\u00bbdefault\u00bb global_colors_info=\u00bb{}\u00bb][et_pb_column type=\u00bb4_4&#8243; _builder_version=\u00bb4.20.0&#8243; _module_preset=\u00bbdefault\u00bb global_colors_info=\u00bb{}\u00bb][et_pb_text admin_label=\u00bbCTA Section Title\u00bb _builder_version=\u00bb4.21.0&#8243; text_font=\u00bb||||\u00bb text_line_height=\u00bb1em\u00bb header_font=\u00bbgill-sans-medium|||on|||||\u00bb header_text_align=\u00bbcenter\u00bb header_font_size=\u00bb16px\u00bb header_line_height=\u00bb1.2em\u00bb header_3_font=\u00bbgill-sans-medium||||||||\u00bb width=\u00bb55%\u00bb module_alignment=\u00bbcenter\u00bb custom_margin=\u00bb||5px|||\u00bb custom_padding=\u00bb||10px|||\u00bb animation_style=\u00bbslide\u00bb animation_direction=\u00bbtop\u00bb animation_intensity_slide=\u00bb10%\u00bb locked=\u00bboff\u00bb global_colors_info=\u00bb{}\u00bb]<\/p>\n<h1>BODEGAS<\/h1>\n<p>[\/et_pb_text][et_pb_text admin_label=\u00bbCTA Section Title\u00bb _builder_version=\u00bb4.21.0&#8243; text_font=\u00bb||||\u00bb text_line_height=\u00bb1em\u00bb header_font=\u00bbzt-mota-regular|||on|||||\u00bb header_text_align=\u00bbcenter\u00bb header_font_size=\u00bb41px\u00bb header_line_height=\u00bb1.2em\u00bb width=\u00bb56%\u00bb width_tablet=\u00bb56%\u00bb width_phone=\u00bb100%\u00bb width_last_edited=\u00bbon|tablet\u00bb max_width=\u00bb100%\u00bb module_alignment=\u00bbcenter\u00bb custom_margin=\u00bb||5px|||\u00bb custom_padding=\u00bb|||\u00bb animation_style=\u00bbslide\u00bb animation_direction=\u00bbtop\u00bb animation_intensity_slide=\u00bb10%\u00bb locked=\u00bboff\u00bb global_colors_info=\u00bb{}\u00bb]<\/p>\n<h1>RENOVAR la tradici\u00f3n de un territorio ligado al vino con una visi\u00f3n de futuro<\/h1>\n<p>[\/et_pb_text][et_pb_text admin_label=\u00bbCTA Section Title\u00bb _builder_version=\u00bb4.20.0&#8243; text_font=\u00bb||||\u00bb text_line_height=\u00bb1em\u00bb header_font=\u00bbgill-sans-medium|||on|||||\u00bb header_text_align=\u00bbcenter\u00bb header_font_size=\u00bb16px\u00bb header_line_height=\u00bb1.2em\u00bb header_3_font=\u00bbgill-sans-medium||||||||\u00bb width=\u00bb55%\u00bb module_alignment=\u00bbcenter\u00bb custom_margin=\u00bb15px||5px||false|false\u00bb custom_padding=\u00bb||0px|||\u00bb animation_style=\u00bbslide\u00bb animation_direction=\u00bbtop\u00bb animation_intensity_slide=\u00bb10%\u00bb locked=\u00bboff\u00bb global_colors_info=\u00bb{}\u00bb]<\/p>\n<h1>ANT\u00cdDOTO<\/h1>\n<p>[\/et_pb_text][\/et_pb_column][\/et_pb_row][\/et_pb_section]<\/p>\n","protected":false},"excerpt":{"rendered":"<p>BODEGASEl comienzo de una historia entre Soria y sus vinos que todav\u00eda tiene muchas p\u00e1ginas por escribirANT\u00cdDOTOUNA TIERRA \u00daNICABodegas Ant\u00eddoto recoge la tradici\u00f3n vin\u00edcola de una tierra con vi\u00f1as centenarias, \u00fanica y especial por su altitud, su clima y las peculiaridades de un terreno que le confieren el car\u00e1cter diferenciador respecto al resto de la [&hellip;]<\/p>\n","protected":false},"author":1,"featured_media":0,"parent":0,"menu_order":0,"comment_status":"closed","ping_status":"closed","template":"","meta":{"_et_pb_use_builder":"on","_et_pb_old_content":"<!-- wp:divi\/placeholder \/-->","_et_gb_content_width":"","footnotes":""},"class_list":["post-9","page","type-page","status-publish","hentry"],"_links":{"self":[{"href":"https:\/\/www.bodegasantidoto.com\/index.php\/wp-json\/wp\/v2\/pages\/9","targetHints":{"allow":["GET"]}}],"collection":[{"href":"https:\/\/www.bodegasantidoto.com\/index.php\/wp-json\/wp\/v2\/pages"}],"about":[{"href":"https:\/\/www.bodegasantidoto.com\/index.php\/wp-json\/wp\/v2\/types\/page"}],"author":[{"embeddable":true,"href":"https:\/\/www.bodegasantidoto.com\/index.php\/wp-json\/wp\/v2\/users\/1"}],"replies":[{"embeddable":true,"href":"https:\/\/www.bodegasantidoto.com\/index.php\/wp-json\/wp\/v2\/comments?post=9"}],"version-history":[{"count":18,"href":"https:\/\/www.bodegasantidoto.com\/index.php\/wp-json\/wp\/v2\/pages\/9\/revisions"}],"predecessor-version":[{"id":289,"href":"https:\/\/www.bodegasantidoto.com\/index.php\/wp-json\/wp\/v2\/pages\/9\/revisions\/289"}],"wp:attachment":[{"href":"https:\/\/www.bodegasantidoto.com\/index.php\/wp-json\/wp\/v2\/media?parent=9"}],"curies":[{"name":"wp","href":"https:\/\/api.w.org\/{rel}","templated":true}]}}