{"id":34,"date":"2023-07-03T16:18:35","date_gmt":"2023-07-03T16:18:35","guid":{"rendered":"https:\/\/www.bodegasantidoto.com\/?page_id=34"},"modified":"2025-03-28T17:42:07","modified_gmt":"2025-03-28T17:42:07","slug":"vinedos","status":"publish","type":"page","link":"https:\/\/www.bodegasantidoto.com\/index.php\/vinedos\/","title":{"rendered":"VI\u00d1EDOS"},"content":{"rendered":"<p>[et_pb_section fb_built=\u00bb1&#8243; _builder_version=\u00bb4.21.0&#8243; _module_preset=\u00bbdefault\u00bb background_color=\u00bb#000000&#8243; use_background_color_gradient=\u00bbon\u00bb background_color_gradient_stops=\u00bbrgba(0,0,0,0.18) 0%|rgba(0,0,0,0.19) 100%\u00bb background_color_gradient_overlays_image=\u00bbon\u00bb background_image=\u00bbhttps:\/\/www.bodegasantidoto.com\/wp-content\/uploads\/2023\/07\/heme-cabecera.jpg\u00bb custom_padding=\u00bb184px||195px|||\u00bb global_colors_info=\u00bb{}\u00bb][et_pb_row _builder_version=\u00bb4.20.0&#8243; _module_preset=\u00bbdefault\u00bb global_colors_info=\u00bb{}\u00bb][et_pb_column type=\u00bb4_4&#8243; _builder_version=\u00bb4.20.0&#8243; _module_preset=\u00bbdefault\u00bb global_colors_info=\u00bb{}\u00bb][et_pb_text admin_label=\u00bbCTA Section Title\u00bb _builder_version=\u00bb4.21.0&#8243; text_font=\u00bbgill-sans-regular|700|||||||\u00bb text_text_color=\u00bb#FFFFFF\u00bb text_font_size=\u00bb16px\u00bb text_line_height=\u00bb1em\u00bb header_font=\u00bbgill-sans-medium|||on|||||\u00bb header_text_align=\u00bbcenter\u00bb header_font_size=\u00bb16px\u00bb header_line_height=\u00bb1.2em\u00bb header_3_font=\u00bbgill-sans-medium||||||||\u00bb text_orientation=\u00bbcenter\u00bb width=\u00bb55%\u00bb width_tablet=\u00bb55%\u00bb width_phone=\u00bb100%\u00bb width_last_edited=\u00bbon|phone\u00bb max_width=\u00bb100%\u00bb module_alignment=\u00bbcenter\u00bb custom_margin=\u00bb||5px|||\u00bb custom_padding=\u00bb||10px|||\u00bb animation_style=\u00bbslide\u00bb animation_direction=\u00bbtop\u00bb animation_intensity_slide=\u00bb10%\u00bb locked=\u00bboff\u00bb global_colors_info=\u00bb{}\u00bb]<\/p>\n<p>LA RA\u00cdZ<\/p>\n<p>[\/et_pb_text][et_pb_text _builder_version=\u00bb4.21.0&#8243; _module_preset=\u00bbdefault\u00bb text_font=\u00bbzt-mota-regular||||||||\u00bb text_text_color=\u00bb#FFFFFF\u00bb text_font_size=\u00bb77px\u00bb text_orientation=\u00bbcenter\u00bb custom_margin=\u00bb20px|||||\u00bb text_line_height_tablet=\u00bb\u00bb text_line_height_phone=\u00bb1em\u00bb text_line_height_last_edited=\u00bbon|phone\u00bb global_colors_info=\u00bb{}\u00bb]<\/p>\n<p>Los vi\u00f1edos<\/p>\n<p>[\/et_pb_text][\/et_pb_column][\/et_pb_row][\/et_pb_section][et_pb_section fb_built=\u00bb1&#8243; _builder_version=\u00bb4.20.0&#8243; _module_preset=\u00bbdefault\u00bb background_color=\u00bb#19180f\u00bb custom_padding=\u00bb89px||4px|||\u00bb collapsed=\u00bboff\u00bb global_colors_info=\u00bb{}\u00bb][et_pb_row _builder_version=\u00bb4.20.0&#8243; _module_preset=\u00bbdefault\u00bb width_tablet=\u00bb\u00bb width_phone=\u00bb100%\u00bb width_last_edited=\u00bbon|phone\u00bb max_width_tablet=\u00bb\u00bb max_width_phone=\u00bb95%\u00bb max_width_last_edited=\u00bbon|phone\u00bb module_alignment=\u00bbleft\u00bb min_height_tablet=\u00bb\u00bb min_height_phone=\u00bb\u00bb min_height_last_edited=\u00bbon|phone\u00bb custom_margin=\u00bb|auto|9px|auto||\u00bb custom_padding=\u00bb||78px|||\u00bb module_alignment_tablet=\u00bbleft\u00bb module_alignment_phone=\u00bbcenter\u00bb module_alignment_last_edited=\u00bbon|phone\u00bb global_colors_info=\u00bb{}\u00bb][et_pb_column type=\u00bb4_4&#8243; _builder_version=\u00bb4.20.0&#8243; _module_preset=\u00bbdefault\u00bb global_colors_info=\u00bb{}\u00bb][et_pb_text admin_label=\u00bbCTA Section Title\u00bb _builder_version=\u00bb4.20.4&#8243; text_font=\u00bbgill-sans-medium||||||||\u00bb text_text_color=\u00bb#929276&#8243; text_font_size=\u00bb16px\u00bb text_line_height=\u00bb1em\u00bb header_font=\u00bbgill-sans-medium|||on|||||\u00bb header_text_align=\u00bbcenter\u00bb header_font_size=\u00bb16px\u00bb header_line_height=\u00bb1.2em\u00bb header_3_font=\u00bbgill-sans-medium||||||||\u00bb width=\u00bb61%\u00bb width_tablet=\u00bb61%\u00bb width_phone=\u00bb100%\u00bb width_last_edited=\u00bbon|phone\u00bb max_width_tablet=\u00bb\u00bb max_width_phone=\u00bb100%\u00bb max_width_last_edited=\u00bbon|phone\u00bb module_alignment=\u00bbcenter\u00bb custom_margin=\u00bb||5px|||\u00bb custom_padding=\u00bb||10px|||\u00bb animation_style=\u00bbslide\u00bb animation_direction=\u00bbtop\u00bb animation_intensity_slide=\u00bb10%\u00bb text_orientation_tablet=\u00bb\u00bb text_orientation_phone=\u00bbcenter\u00bb text_orientation_last_edited=\u00bbon|phone\u00bb locked=\u00bboff\u00bb global_colors_info=\u00bb{}\u00bb]<\/p>\n<p>RIBERA DEL DUERO<\/p>\n<p>[\/et_pb_text][et_pb_text admin_label=\u00bbCTA Section Title\u00bb _builder_version=\u00bb4.21.0&#8243; text_font=\u00bb||||\u00bb text_line_height=\u00bb1em\u00bb header_font=\u00bbzt-mota-regular||||||||\u00bb header_text_align=\u00bbleft\u00bb header_text_color=\u00bb#929276&#8243; header_font_size=\u00bb53px\u00bb width=\u00bb61%\u00bb width_tablet=\u00bb61%\u00bb width_phone=\u00bb100%\u00bb width_last_edited=\u00bbon|phone\u00bb max_width=\u00bb100%\u00bb module_alignment=\u00bbcenter\u00bb custom_margin=\u00bb||5px|||\u00bb custom_padding=\u00bb|||\u00bb animation_style=\u00bbslide\u00bb animation_direction=\u00bbtop\u00bb animation_intensity_slide=\u00bb10%\u00bb header_text_align_tablet=\u00bbleft\u00bb header_text_align_phone=\u00bbcenter\u00bb header_text_align_last_edited=\u00bbon|phone\u00bb header_font_size_tablet=\u00bb45px\u00bb header_font_size_phone=\u00bb45px\u00bb header_font_size_last_edited=\u00bbon|phone\u00bb locked=\u00bboff\u00bb global_colors_info=\u00bb{}\u00bb]<\/p>\n<h1><span style=\"font-weight: 400;\">Soria es el comienzo<\/span><\/h1>\n<p>[\/et_pb_text][et_pb_text admin_label=\u00bbCTA Section Title\u00bb _builder_version=\u00bb4.20.0&#8243; text_font=\u00bbgill-sans-medium||||||||\u00bb text_text_color=\u00bb#929276&#8243; text_font_size=\u00bb20px\u00bb text_line_height=\u00bb1.1em\u00bb header_font=\u00bbgill-sans-medium|||on|||||\u00bb header_text_align=\u00bbcenter\u00bb header_font_size=\u00bb16px\u00bb header_line_height=\u00bb1.2em\u00bb header_3_font=\u00bbgill-sans-medium||||||||\u00bb width=\u00bb61%\u00bb width_tablet=\u00bb61%\u00bb width_phone=\u00bb100%\u00bb width_last_edited=\u00bbon|phone\u00bb max_width=\u00bb100%\u00bb module_alignment=\u00bbcenter\u00bb custom_margin=\u00bb||5px|||\u00bb custom_padding=\u00bb||10px|||\u00bb animation_style=\u00bbslide\u00bb animation_direction=\u00bbtop\u00bb animation_intensity_slide=\u00bb10%\u00bb text_orientation_tablet=\u00bb\u00bb text_orientation_phone=\u00bbcenter\u00bb text_orientation_last_edited=\u00bbon|phone\u00bb locked=\u00bboff\u00bb global_colors_info=\u00bb{}\u00bb]<\/p>\n<p>Nuestros vi\u00f1edos se extienden por la zona de San Esteban de Gormaz, ligada a su historia vitivin\u00edcola. Flanqueada por los Sistemas Central e Ib\u00e9rico, la elevada meseta recorrida por un incipiente r\u00edo Duero dibuja los sotos en torno al agua con chopos, mimbreras y alisos, y en los terrenos de arena y arcillas sobre roca calc\u00e1rea, conviven vi\u00f1edos y campos de labor con espont\u00e1neas encinas. El r\u00edo divide tierras rojas al norte de otras m\u00e1s amarillentas y areniscas al sur. En todas reina el clima continental de eternos inviernos y gran amplitud t\u00e9rmica, t\u00edmidamente suavizada por una influencia mediterr\u00e1nea. Todas estas peculiaridades tienen una marcada influencia en nuestros vinos. El tinto fino (como se conoce al tempranillo en Soria) y el albillo mayor aqu\u00ed presentes son el resultado de la adaptaci\u00f3n de estas variedades al &#8216;terroir&#8217; soriano desde hace cientos de a\u00f1os. Aqu\u00ed es donde todo empieza.<\/p>\n<p>[\/et_pb_text][\/et_pb_column][\/et_pb_row][\/et_pb_section][et_pb_section fb_built=\u00bb1&#8243; _builder_version=\u00bb4.20.0&#8243; background_color=\u00bb#f0eae0&#8243; custom_padding=\u00bb110px||110px|\u00bb collapsed=\u00bbon\u00bb global_colors_info=\u00bb{}\u00bb][et_pb_row column_structure=\u00bb1_2,1_2&#8243; _builder_version=\u00bb4.16&#8243; global_colors_info=\u00bb{}\u00bb][et_pb_column type=\u00bb1_2&#8243; _builder_version=\u00bb4.16&#8243; custom_padding=\u00bb|||\u00bb global_colors_info=\u00bb{}\u00bb custom_padding__hover=\u00bb|||\u00bb][et_pb_image src=\u00bbhttps:\/\/www.bodegasantidoto.com\/wp-content\/uploads\/2023\/07\/204_ANTIDOTO_030523_WEB.jpg\u00bb title_text=\u00bb204_ANTIDOTO_030523_WEB\u00bb align_tablet=\u00bbcenter\u00bb align_phone=\u00bb\u00bb align_last_edited=\u00bbon|desktop\u00bb _builder_version=\u00bb4.21.0&#8243; custom_margin=\u00bb0px|||||\u00bb animation_style=\u00bbfold\u00bb animation_direction=\u00bbleft\u00bb animation_intensity_fold=\u00bb20%\u00bb animation=\u00bbfade_in\u00bb global_colors_info=\u00bb{}\u00bb][\/et_pb_image][\/et_pb_column][et_pb_column type=\u00bb1_2&#8243; _builder_version=\u00bb4.20.0&#8243; _module_preset=\u00bbdefault\u00bb global_colors_info=\u00bb{}\u00bb][et_pb_text admin_label=\u00bbDiscover Beatuty Sub Title\u00bb _builder_version=\u00bb4.21.0&#8243; text_font=\u00bbRoboto||||\u00bb text_text_color=\u00bb#1a1a1a\u00bb text_font_size=\u00bb24px\u00bb text_line_height=\u00bb1.4em\u00bb header_text_color=\u00bb#abab8b\u00bb header_2_font=\u00bbzt-mota-regular||||||||\u00bb header_2_text_color=\u00bbrgba(25,24,15,0.81)\u00bb header_2_font_size=\u00bb33px\u00bb custom_padding=\u00bb40px|||||\u00bb animation_style=\u00bbslide\u00bb animation_direction=\u00bbtop\u00bb animation_intensity_slide=\u00bb10%\u00bb global_colors_info=\u00bb{}\u00bb]<\/p>\n<h2>El legado de un terreno con car\u00e1cter \u00fanico y sus vi\u00f1as viejas<\/h2>\n<p>[\/et_pb_text][et_pb_text admin_label=\u00bbDiscover Beatuty Text\u00bb _builder_version=\u00bb4.21.0&#8243; text_font=\u00bbgill-sans-regular||||||||\u00bb text_text_color=\u00bbrgba(25,24,15,0.82)\u00bb text_font_size=\u00bb22px\u00bb text_line_height=\u00bb1.2em\u00bb custom_padding=\u00bb1px|||||\u00bb animation_style=\u00bbslide\u00bb animation_direction=\u00bbtop\u00bb animation_delay=\u00bb200ms\u00bb animation_intensity_slide=\u00bb10%\u00bb global_colors_info=\u00bb{}\u00bb]<\/p>\n<p>Los pueblos en torno a San Esteban de Gormaz atesoran vi\u00f1as aut\u00f3ctonas que se salvaron de la plaga de filoxera que asol\u00f3 los vi\u00f1edos europeos a finales del siglo XIX. Hoy, vi\u00f1as viejas centenarias y otras m\u00e1s j\u00f3venes que ya cuentan con varias d\u00e9cadas de vida, cubren peque\u00f1as (a veces peque\u00f1\u00edsimas) parcelas diseminadas por m\u00e1s de una quincena de poblaciones. En total, 110 hect\u00e1reas de tempranillo, albillo y garnacha que se trabajan de forma ecol\u00f3gica, como hace d\u00e9cadas. Con el esmero y el cuidado de quien se ocupa de su propia tierra.<\/p>\n<p>Desde Bodegas Ant\u00eddoto somos muy conscientes de este enorme legado y singularidad y nuestro compromiso es lograr los vinos \u00fanicos que este terreno imagina, acompa\u00f1arlos en su camino, a partir del trabajo de precisi\u00f3n de orfebre en las 776 parcelas que la conforman, de la mano de los 50 viticultores que, junto a nuestro equipo, configuran nuestra peque\u00f1a gran familia.<\/p>\n<p>[\/et_pb_text][\/et_pb_column][\/et_pb_row][\/et_pb_section][et_pb_section fb_built=\u00bb1&#8243; admin_label=\u00bbCTA\u00bb _builder_version=\u00bb4.21.0&#8243; background_image=\u00bbhttps:\/\/www.bodegasantidoto.com\/wp-content\/uploads\/2023\/07\/28_ANTIDOTO_030523_WEB.jpg\u00bb background_position=\u00bbbottom_center\u00bb custom_margin=\u00bb|||\u00bb custom_padding=\u00bb183px||304px|||\u00bb collapsed=\u00bbon\u00bb global_colors_info=\u00bb{}\u00bb][et_pb_row _builder_version=\u00bb4.20.0&#8243; _module_preset=\u00bbdefault\u00bb custom_padding=\u00bb||4px|||\u00bb global_colors_info=\u00bb{}\u00bb][et_pb_column type=\u00bb4_4&#8243; _builder_version=\u00bb4.20.0&#8243; _module_preset=\u00bbdefault\u00bb global_colors_info=\u00bb{}\u00bb][et_pb_text admin_label=\u00bbCTA Section Title\u00bb _builder_version=\u00bb4.21.0&#8243; text_font=\u00bb||||\u00bb text_line_height=\u00bb1em\u00bb header_font=\u00bbzt-mota-regular||||||||\u00bb header_text_align=\u00bbcenter\u00bb header_text_color=\u00bb#FFFFFF\u00bb header_font_size=\u00bb45px\u00bb width=\u00bb61%\u00bb width_tablet=\u00bb61%\u00bb width_phone=\u00bb100%\u00bb width_last_edited=\u00bbon|phone\u00bb max_width=\u00bb100%\u00bb module_alignment=\u00bbcenter\u00bb custom_margin=\u00bb||5px|||\u00bb custom_padding=\u00bb|||\u00bb animation_style=\u00bbslide\u00bb animation_direction=\u00bbtop\u00bb animation_intensity_slide=\u00bb10%\u00bb header_font_size_tablet=\u00bb45px\u00bb header_font_size_phone=\u00bb45px\u00bb header_font_size_last_edited=\u00bbon|phone\u00bb locked=\u00bboff\u00bb global_colors_info=\u00bb{}\u00bb]<\/p>\n<h1>Los pueblos del entorno de San Esteban de Gormaz atesoran vi\u00f1as aut\u00f3ctonas que se salvaron de la plaga de la filoxera en el siglo XIX, una riqueza centenaria que caracteriza a la Ribera de Soria<\/h1>\n<p>[\/et_pb_text][\/et_pb_column][\/et_pb_row][\/et_pb_section][et_pb_section fb_built=\u00bb1&#8243; disabled_on=\u00bbon|on|on\u00bb _builder_version=\u00bb4.21.0&#8243; _module_preset=\u00bbdefault\u00bb background_color=\u00bb#19180f\u00bb custom_padding=\u00bb30px||73px|||\u00bb disabled=\u00bbon\u00bb collapsed=\u00bbon\u00bb global_colors_info=\u00bb{}\u00bb][et_pb_row _builder_version=\u00bb4.16&#8243; custom_padding=\u00bb1px|||||\u00bb global_colors_info=\u00bb{}\u00bb][et_pb_column type=\u00bb4_4&#8243; _builder_version=\u00bb4.16&#8243; custom_padding=\u00bb|||\u00bb global_colors_info=\u00bb{}\u00bb custom_padding__hover=\u00bb|||\u00bb][et_pb_image src=\u00bbhttps:\/\/www.bodegasantidoto.com\/wp-content\/uploads\/2023\/07\/cepa_viejas.jpg\u00bb title_text=\u00bbcepa_viejas\u00bb _builder_version=\u00bb4.21.0&#8243; _module_preset=\u00bbdefault\u00bb global_colors_info=\u00bb{}\u00bb][\/et_pb_image][\/et_pb_column][\/et_pb_row][et_pb_row _builder_version=\u00bb4.16&#8243; custom_padding=\u00bb1px|||||\u00bb global_colors_info=\u00bb{}\u00bb][et_pb_column type=\u00bb4_4&#8243; _builder_version=\u00bb4.16&#8243; custom_padding=\u00bb|||\u00bb global_colors_info=\u00bb{}\u00bb custom_padding__hover=\u00bb|||\u00bb][et_pb_text admin_label=\u00bbDiscover Beatuty Text\u00bb _builder_version=\u00bb4.20.4&#8243; text_font=\u00bbgil-sans||||||||\u00bb text_text_color=\u00bb#ccccb1&#8243; text_font_size=\u00bb22px\u00bb text_line_height=\u00bb1.2em\u00bb width=\u00bb70%\u00bb width_tablet=\u00bb70%\u00bb width_phone=\u00bb100%\u00bb width_last_edited=\u00bbon|phone\u00bb max_width=\u00bb100%\u00bb custom_margin=\u00bb|||-3px||\u00bb custom_padding=\u00bb1px|||||\u00bb animation_style=\u00bbslide\u00bb animation_direction=\u00bbtop\u00bb animation_delay=\u00bb200ms\u00bb animation_intensity_slide=\u00bb10%\u00bb global_colors_info=\u00bb{}\u00bb][\/et_pb_text][\/et_pb_column][\/et_pb_row][\/et_pb_section]<\/p>\n","protected":false},"excerpt":{"rendered":"<p>LA RA\u00cdZLos vi\u00f1edosRIBERA DEL DUEROSoria es el comienzoNuestros vi\u00f1edos se extienden por la zona de San Esteban de Gormaz, ligada a su historia vitivin\u00edcola. Flanqueada por los Sistemas Central e Ib\u00e9rico, la elevada meseta recorrida por un incipiente r\u00edo Duero dibuja los sotos en torno al agua con chopos, mimbreras y alisos, y en los [&hellip;]<\/p>\n","protected":false},"author":1,"featured_media":0,"parent":0,"menu_order":0,"comment_status":"closed","ping_status":"closed","template":"","meta":{"_et_pb_use_builder":"on","_et_pb_old_content":"","_et_gb_content_width":"","footnotes":""},"class_list":["post-34","page","type-page","status-publish","hentry"],"_links":{"self":[{"href":"https:\/\/www.bodegasantidoto.com\/index.php\/wp-json\/wp\/v2\/pages\/34","targetHints":{"allow":["GET"]}}],"collection":[{"href":"https:\/\/www.bodegasantidoto.com\/index.php\/wp-json\/wp\/v2\/pages"}],"about":[{"href":"https:\/\/www.bodegasantidoto.com\/index.php\/wp-json\/wp\/v2\/types\/page"}],"author":[{"embeddable":true,"href":"https:\/\/www.bodegasantidoto.com\/index.php\/wp-json\/wp\/v2\/users\/1"}],"replies":[{"embeddable":true,"href":"https:\/\/www.bodegasantidoto.com\/index.php\/wp-json\/wp\/v2\/comments?post=34"}],"version-history":[{"count":13,"href":"https:\/\/www.bodegasantidoto.com\/index.php\/wp-json\/wp\/v2\/pages\/34\/revisions"}],"predecessor-version":[{"id":274,"href":"https:\/\/www.bodegasantidoto.com\/index.php\/wp-json\/wp\/v2\/pages\/34\/revisions\/274"}],"wp:attachment":[{"href":"https:\/\/www.bodegasantidoto.com\/index.php\/wp-json\/wp\/v2\/media?parent=34"}],"curies":[{"name":"wp","href":"https:\/\/api.w.org\/{rel}","templated":true}]}}