{"id":31,"date":"2023-07-03T16:17:31","date_gmt":"2023-07-03T16:17:31","guid":{"rendered":"https:\/\/www.bodegasantidoto.com\/?page_id=31"},"modified":"2026-02-19T11:47:55","modified_gmt":"2026-02-19T11:47:55","slug":"acerca","status":"publish","type":"page","link":"https:\/\/www.bodegasantidoto.com\/index.php\/acerca\/","title":{"rendered":"ACERCA"},"content":{"rendered":"<p>[et_pb_section fb_built=\u00bb1&#8243; _builder_version=\u00bb4.21.0&#8243; _module_preset=\u00bbdefault\u00bb background_color=\u00bb#000000&#8243; use_background_color_gradient=\u00bbon\u00bb background_color_gradient_stops=\u00bbrgba(0,0,0,0.18) 0%|rgba(0,0,0,0.08) 100%\u00bb background_color_gradient_overlays_image=\u00bbon\u00bb background_image=\u00bbhttps:\/\/www.bodegasantidoto.com\/wp-content\/uploads\/2023\/07\/112_ANTIDOTO_030523_WEB.jpg\u00bb custom_padding=\u00bb184px||195px|||\u00bb global_colors_info=\u00bb{}\u00bb][et_pb_row _builder_version=\u00bb4.20.0&#8243; _module_preset=\u00bbdefault\u00bb global_colors_info=\u00bb{}\u00bb][et_pb_column type=\u00bb4_4&#8243; _builder_version=\u00bb4.20.0&#8243; _module_preset=\u00bbdefault\u00bb global_colors_info=\u00bb{}\u00bb][et_pb_text admin_label=\u00bbCTA Section Title\u00bb _builder_version=\u00bb4.21.0&#8243; text_font=\u00bbgill-sans-regular|700|||||||\u00bb text_text_color=\u00bb#FFFFFF\u00bb text_font_size=\u00bb16px\u00bb text_line_height=\u00bb1em\u00bb header_font=\u00bbgill-sans-medium|||on|||||\u00bb header_text_align=\u00bbcenter\u00bb header_font_size=\u00bb16px\u00bb header_line_height=\u00bb1.2em\u00bb header_3_font=\u00bbgill-sans-medium||||||||\u00bb text_orientation=\u00bbcenter\u00bb width=\u00bb55%\u00bb width_tablet=\u00bb55%\u00bb width_phone=\u00bb100%\u00bb width_last_edited=\u00bbon|phone\u00bb max_width=\u00bb100%\u00bb module_alignment=\u00bbcenter\u00bb custom_margin=\u00bb||5px|||\u00bb custom_padding=\u00bb||10px|||\u00bb animation_style=\u00bbslide\u00bb animation_direction=\u00bbtop\u00bb animation_intensity_slide=\u00bb10%\u00bb locked=\u00bboff\u00bb global_colors_info=\u00bb{}\u00bb]<\/p>\n<p>EL CORAZ\u00d3N\u00a0<\/p>\n<p>[\/et_pb_text][et_pb_text _builder_version=\u00bb4.21.0&#8243; _module_preset=\u00bbdefault\u00bb text_font=\u00bbzt-mota-regular||||||||\u00bb text_text_color=\u00bb#FFFFFF\u00bb text_font_size=\u00bb77px\u00bb text_orientation=\u00bbcenter\u00bb custom_margin=\u00bb20px|||||\u00bb text_line_height_tablet=\u00bb\u00bb text_line_height_phone=\u00bb1em\u00bb text_line_height_last_edited=\u00bbon|phone\u00bb global_colors_info=\u00bb{}\u00bb]<\/p>\n<p>Bertrand &amp; David<\/p>\n<p>[\/et_pb_text][\/et_pb_column][\/et_pb_row][\/et_pb_section][et_pb_section fb_built=\u00bb1&#8243; _builder_version=\u00bb4.20.0&#8243; _module_preset=\u00bbdefault\u00bb background_color=\u00bb#19180f\u00bb custom_padding=\u00bb89px||4px|||\u00bb collapsed=\u00bboff\u00bb global_colors_info=\u00bb{}\u00bb][et_pb_row _builder_version=\u00bb4.20.0&#8243; _module_preset=\u00bbdefault\u00bb width_tablet=\u00bb\u00bb width_phone=\u00bb100%\u00bb width_last_edited=\u00bbon|phone\u00bb max_width_tablet=\u00bb\u00bb max_width_phone=\u00bb95%\u00bb max_width_last_edited=\u00bbon|phone\u00bb module_alignment=\u00bbleft\u00bb min_height_tablet=\u00bb\u00bb min_height_phone=\u00bb\u00bb min_height_last_edited=\u00bbon|phone\u00bb custom_margin=\u00bb|auto|9px|auto||\u00bb custom_padding=\u00bb78px||78px||true|\u00bb module_alignment_tablet=\u00bbleft\u00bb module_alignment_phone=\u00bbcenter\u00bb module_alignment_last_edited=\u00bbon|phone\u00bb global_colors_info=\u00bb{}\u00bb][et_pb_column type=\u00bb4_4&#8243; _builder_version=\u00bb4.20.0&#8243; _module_preset=\u00bbdefault\u00bb global_colors_info=\u00bb{}\u00bb][et_pb_text admin_label=\u00bbCTA Section Title\u00bb _builder_version=\u00bb4.21.0&#8243; text_font=\u00bbgill-sans-medium||||||||\u00bb text_text_color=\u00bb#929276&#8243; text_font_size=\u00bb16px\u00bb text_line_height=\u00bb1em\u00bb header_font=\u00bbgill-sans-medium|||on|||||\u00bb header_text_align=\u00bbcenter\u00bb header_font_size=\u00bb16px\u00bb header_line_height=\u00bb1.2em\u00bb header_3_font=\u00bbgill-sans-medium||||||||\u00bb width=\u00bb61%\u00bb width_tablet=\u00bb61%\u00bb width_phone=\u00bb100%\u00bb width_last_edited=\u00bbon|phone\u00bb max_width_tablet=\u00bb\u00bb max_width_phone=\u00bb100%\u00bb max_width_last_edited=\u00bbon|phone\u00bb module_alignment=\u00bbcenter\u00bb custom_margin=\u00bb||5px|||\u00bb custom_padding=\u00bb||10px|||\u00bb animation_style=\u00bbslide\u00bb animation_direction=\u00bbtop\u00bb animation_intensity_slide=\u00bb10%\u00bb text_orientation_tablet=\u00bb\u00bb text_orientation_phone=\u00bbcenter\u00bb text_orientation_last_edited=\u00bbon|phone\u00bb locked=\u00bboff\u00bb global_colors_info=\u00bb{}\u00bb]<\/p>\n<p>SOBRE BERTRAND<\/p>\n<p>[\/et_pb_text][et_pb_text admin_label=\u00bbCTA Section Title\u00bb _builder_version=\u00bb4.21.0&#8243; text_font=\u00bb||||\u00bb text_line_height=\u00bb1em\u00bb header_font=\u00bbzt-mota-regular||||||||\u00bb header_text_align=\u00bbleft\u00bb header_text_color=\u00bb#929276&#8243; header_font_size=\u00bb53px\u00bb width=\u00bb61%\u00bb width_tablet=\u00bb61%\u00bb width_phone=\u00bb100%\u00bb width_last_edited=\u00bbon|phone\u00bb max_width=\u00bb100%\u00bb module_alignment=\u00bbcenter\u00bb custom_margin=\u00bb||5px|||\u00bb custom_padding=\u00bb|||\u00bb animation_style=\u00bbslide\u00bb animation_direction=\u00bbtop\u00bb animation_intensity_slide=\u00bb10%\u00bb header_text_align_tablet=\u00bbleft\u00bb header_text_align_phone=\u00bbcenter\u00bb header_text_align_last_edited=\u00bbon|phone\u00bb header_font_size_tablet=\u00bb45px\u00bb header_font_size_phone=\u00bb45px\u00bb header_font_size_last_edited=\u00bbon|phone\u00bb locked=\u00bboff\u00bb global_colors_info=\u00bb{}\u00bb]<\/p>\n<h1><span style=\"font-weight: 400;\">Bertrand, el vigneron franc\u00e9s que se enamor\u00f3 de Soria<\/span><\/h1>\n<p>[\/et_pb_text][et_pb_text admin_label=\u00bbCTA Section Title\u00bb _builder_version=\u00bb4.21.0&#8243; text_font=\u00bbgill-sans-medium||||||||\u00bb text_text_color=\u00bb#929276&#8243; text_font_size=\u00bb20px\u00bb text_line_height=\u00bb1.1em\u00bb header_font=\u00bbgill-sans-medium|||on|||||\u00bb header_text_align=\u00bbcenter\u00bb header_font_size=\u00bb16px\u00bb header_line_height=\u00bb1.2em\u00bb header_3_font=\u00bbgill-sans-medium||||||||\u00bb width=\u00bb61%\u00bb width_tablet=\u00bb61%\u00bb width_phone=\u00bb100%\u00bb width_last_edited=\u00bbon|phone\u00bb max_width=\u00bb100%\u00bb module_alignment=\u00bbcenter\u00bb custom_margin=\u00bb||5px|||\u00bb custom_padding=\u00bb||10px|||\u00bb animation_style=\u00bbslide\u00bb animation_direction=\u00bbtop\u00bb animation_intensity_slide=\u00bb10%\u00bb text_orientation_tablet=\u00bb\u00bb text_orientation_phone=\u00bbcenter\u00bb text_orientation_last_edited=\u00bbon|phone\u00bb locked=\u00bboff\u00bb global_colors_info=\u00bb{}\u00bb]<\/p>\n<p>Bertrand se inicia en el mundo del vino en la regi\u00f3n francesa del Loira, siguiendo la tradici\u00f3n familiar. En 1999 visita Soria por primera vez y encuentra una tierra con tradici\u00f3n vin\u00edcola, que apenas hab\u00eda explorado sus posibilidades, m\u00e1s all\u00e1 de la elaboraci\u00f3n casera de vinos. Y, sin embargo, la zona ribere\u00f1a soriana albergaba los tesoros de las vi\u00f1as viejas. Bertrand vislumbr\u00f3 que estas tierras podr\u00edan dar grandes vinos, si se trabajaban de la forma adecuada. Y as\u00ed fue. Su visi\u00f3n se convirti\u00f3 en realidad y su influencia y sus m\u00e9todos se extendieron por la Ribera del Duero de Soria. Hoy es una comarca reconocida en todo el mundo por sus vinos de alta calidad. Su llegada fue una peque\u00f1a gran revoluci\u00f3n. Supo ver, como lo hizo el poeta Antonio Machado en su etapa soriana, la virtud de unos campos castigados por un invierno duro y un clima extremo que escond\u00edan, sin embargo, un potencial extraordinario.<\/p>\n<p>Tras su paso por Atauta, en 2011 crea Bodegas Ant\u00eddoto, de la mano de su socio, David Hernando.\u00a0<\/p>\n<p>[\/et_pb_text][\/et_pb_column][\/et_pb_row][\/et_pb_section][et_pb_section fb_built=\u00bb1&#8243; _builder_version=\u00bb4.20.0&#8243; background_color=\u00bb#f0eae0&#8243; custom_padding=\u00bb110px||110px|\u00bb collapsed=\u00bbon\u00bb global_colors_info=\u00bb{}\u00bb][et_pb_row column_structure=\u00bb1_2,1_2&#8243; _builder_version=\u00bb4.16&#8243; global_colors_info=\u00bb{}\u00bb][et_pb_column type=\u00bb1_2&#8243; _builder_version=\u00bb4.16&#8243; custom_padding=\u00bb|||\u00bb global_colors_info=\u00bb{}\u00bb custom_padding__hover=\u00bb|||\u00bb][et_pb_image src=\u00bbhttps:\/\/www.bodegasantidoto.com\/wp-content\/uploads\/2023\/07\/cata.jpg\u00bb title_text=\u00bbcata\u00bb align_tablet=\u00bbcenter\u00bb align_phone=\u00bb\u00bb align_last_edited=\u00bbon|desktop\u00bb _builder_version=\u00bb4.21.0&#8243; custom_margin=\u00bb0px|||||\u00bb animation_style=\u00bbfold\u00bb animation_direction=\u00bbleft\u00bb animation_intensity_fold=\u00bb20%\u00bb animation=\u00bbfade_in\u00bb global_colors_info=\u00bb{}\u00bb][\/et_pb_image][\/et_pb_column][et_pb_column type=\u00bb1_2&#8243; _builder_version=\u00bb4.20.0&#8243; _module_preset=\u00bbdefault\u00bb global_colors_info=\u00bb{}\u00bb][et_pb_text admin_label=\u00bbDiscover Beatuty Text\u00bb _builder_version=\u00bb4.21.0&#8243; text_font=\u00bbgill-sans-medium||||||||\u00bb text_text_color=\u00bbrgba(25,24,15,0.82)\u00bb text_font_size=\u00bb16px\u00bb text_line_height=\u00bb1.2em\u00bb custom_margin=\u00bb||1px|||\u00bb custom_padding=\u00bb1px|||||\u00bb animation_style=\u00bbslide\u00bb animation_direction=\u00bbtop\u00bb animation_delay=\u00bb200ms\u00bb animation_intensity_slide=\u00bb10%\u00bb global_colors_info=\u00bb{}\u00bb]<\/p>\n<p>SOBRE DAVID<\/p>\n<p>[\/et_pb_text][et_pb_text admin_label=\u00bbDiscover Beatuty Sub Title\u00bb _builder_version=\u00bb4.21.0&#8243; text_font=\u00bbRoboto||||\u00bb text_text_color=\u00bb#1a1a1a\u00bb text_font_size=\u00bb24px\u00bb text_line_height=\u00bb1.4em\u00bb header_font=\u00bbzt-mota-regular||||||||\u00bb header_text_color=\u00bb#abab8b\u00bb header_2_font=\u00bbzt-mota-regular||||||||\u00bb header_2_text_color=\u00bbrgba(25,24,15,0.81)\u00bb header_2_font_size=\u00bb33px\u00bb custom_padding=\u00bb17px|||||\u00bb animation_style=\u00bbslide\u00bb animation_direction=\u00bbtop\u00bb animation_intensity_slide=\u00bb10%\u00bb global_colors_info=\u00bb{}\u00bb]<\/p>\n<h2>David Hernando, orgulloso del patrimonio rural<\/h2>\n<p>[\/et_pb_text][et_pb_text admin_label=\u00bbDiscover Beatuty Text\u00bb _builder_version=\u00bb4.21.0&#8243; text_font=\u00bbgill-sans-regular||||||||\u00bb text_text_color=\u00bbrgba(25,24,15,0.82)\u00bb text_font_size=\u00bb22px\u00bb text_line_height=\u00bb1.2em\u00bb custom_padding=\u00bb1px|||||\u00bb animation_style=\u00bbslide\u00bb animation_direction=\u00bbtop\u00bb animation_delay=\u00bb200ms\u00bb animation_intensity_slide=\u00bb10%\u00bb global_colors_info=\u00bb{}\u00bb]<\/p>\n<p>Ligado a la viticultura de car\u00e1cter tradicional, David interven\u00eda en la elaboraci\u00f3n del vino familiar desde bien peque\u00f1o.<\/p>\n<p>Se form\u00f3 como Ingeniero T\u00e9cnico Agr\u00edcola y En\u00f3logo. Conoci\u00f3 a Bertrand durante los fines de semana que pasaba en San Esteban de Gormaz. Coincidieron en una etapa profesional previa a su proyecto conjunto. En abril de 2011 inauguraban Bodegas Ant\u00eddoto.\u00a0<\/p>\n<p>David es, ante todo, un viticultor, uno de los principales de Ant\u00eddoto, y un gran conocedor de todo el territorio de influencia de\u00a0 la bodega, de sus pueblos y de sus gentes. Siente orgullo de este patrimonio rural y de la forma de trabajar que han adoptado, mano a mano con los viticultores de la zona. Donde otros ver\u00edan locura a la hora de coordinar el trabajo de m\u00e1s de 600 parcelas, \u00e9l ve un sistema complejo, pero muy especial y pr\u00e1cticamente \u00fanico. Quiz\u00e1, una forma de entender la vida.<\/p>\n<p>[\/et_pb_text][\/et_pb_column][\/et_pb_row][\/et_pb_section][et_pb_section fb_built=\u00bb1&#8243; admin_label=\u00bbCTA\u00bb _builder_version=\u00bb4.21.0&#8243; background_image=\u00bbhttps:\/\/www.bodegasantidoto.com\/wp-content\/uploads\/2023\/07\/125_ANTIDOTO_030523_WEB.jpg\u00bb custom_margin=\u00bb|||\u00bb custom_padding=\u00bb260px||295px|4px||\u00bb collapsed=\u00bbon\u00bb global_colors_info=\u00bb{}\u00bb][\/et_pb_section][et_pb_section fb_built=\u00bb1&#8243; _builder_version=\u00bb4.20.0&#8243; _module_preset=\u00bbdefault\u00bb background_color=\u00bb#525216&#8243; custom_padding=\u00bb83px||73px|||\u00bb collapsed=\u00bbon\u00bb global_colors_info=\u00bb{}\u00bb][et_pb_row _builder_version=\u00bb4.20.0&#8243; _module_preset=\u00bbdefault\u00bb custom_padding=\u00bb||4px|||\u00bb global_colors_info=\u00bb{}\u00bb][et_pb_column type=\u00bb4_4&#8243; _builder_version=\u00bb4.20.0&#8243; _module_preset=\u00bbdefault\u00bb global_colors_info=\u00bb{}\u00bb][et_pb_text admin_label=\u00bbDiscover Beatuty Text\u00bb _builder_version=\u00bb4.21.0&#8243; text_font=\u00bbgill-sans-medium||||||||\u00bb text_text_color=\u00bbrgba(228,217,198,0.77)\u00bb text_font_size=\u00bb16px\u00bb text_line_height=\u00bb1.2em\u00bb custom_margin=\u00bb||1px|||\u00bb custom_padding=\u00bb1px|||||\u00bb animation_style=\u00bbslide\u00bb animation_direction=\u00bbtop\u00bb animation_delay=\u00bb200ms\u00bb animation_intensity_slide=\u00bb10%\u00bb global_colors_info=\u00bb{}\u00bb]<\/p>\n<p style=\"text-align: center;\">SOBRE LOS VITICULTORES<\/p>\n<p>[\/et_pb_text][et_pb_text admin_label=\u00bbCTA Section Title\u00bb _builder_version=\u00bb4.21.0&#8243; text_font=\u00bb||||\u00bb text_line_height=\u00bb1em\u00bb header_font=\u00bbzt-mota-regular||||||||\u00bb header_text_align=\u00bbcenter\u00bb header_text_color=\u00bb#a7a788&#8243; header_font_size=\u00bb45px\u00bb width=\u00bb61%\u00bb width_tablet=\u00bb61%\u00bb width_phone=\u00bb100%\u00bb width_last_edited=\u00bbon|phone\u00bb max_width=\u00bb100%\u00bb module_alignment=\u00bbcenter\u00bb custom_margin=\u00bb||5px|||\u00bb custom_padding=\u00bb16px||34px|||\u00bb animation_style=\u00bbslide\u00bb animation_direction=\u00bbtop\u00bb animation_intensity_slide=\u00bb10%\u00bb header_font_size_tablet=\u00bb45px\u00bb header_font_size_phone=\u00bb45px\u00bb header_font_size_last_edited=\u00bbon|phone\u00bb locked=\u00bboff\u00bb global_colors_info=\u00bb{}\u00bb]<\/p>\n<h1>El arraigo y el saber hacer en el trabajo de la tierra<\/h1>\n<p>[\/et_pb_text][\/et_pb_column][\/et_pb_row][et_pb_row _builder_version=\u00bb4.16&#8243; max_width=\u00bb1280px\u00bb custom_padding=\u00bb0px|||||\u00bb use_custom_width=\u00bbon\u00bb custom_width_px=\u00bb1280px\u00bb global_colors_info=\u00bb{}\u00bb][et_pb_column type=\u00bb4_4&#8243; _builder_version=\u00bb4.16&#8243; custom_padding=\u00bb|||\u00bb global_colors_info=\u00bb{}\u00bb custom_padding__hover=\u00bb|||\u00bb][et_pb_image src=\u00bbhttps:\/\/www.bodegasantidoto.com\/wp-content\/uploads\/2023\/07\/mano_arena.jpg\u00bb title_text=\u00bbmano_arena\u00bb _builder_version=\u00bb4.21.0&#8243; _module_preset=\u00bbdefault\u00bb custom_margin=\u00bb||47px|||\u00bb global_colors_info=\u00bb{}\u00bb][\/et_pb_image][et_pb_text admin_label=\u00bbDiscover Beatuty Text\u00bb _builder_version=\u00bb4.21.0&#8243; text_font=\u00bbgill-sans-regular||||||||\u00bb text_text_color=\u00bb#ccccb1&#8243; text_font_size=\u00bb22px\u00bb text_line_height=\u00bb1.2em\u00bb width=\u00bb70%\u00bb width_tablet=\u00bb70%\u00bb width_phone=\u00bb100%\u00bb width_last_edited=\u00bbon|phone\u00bb max_width=\u00bb100%\u00bb custom_margin=\u00bb|||-3px||\u00bb custom_padding=\u00bb1px|||||\u00bb animation_style=\u00bbslide\u00bb animation_direction=\u00bbtop\u00bb animation_delay=\u00bb200ms\u00bb animation_intensity_slide=\u00bb10%\u00bb global_colors_info=\u00bb{}\u00bb]<\/p>\n<p>Las personas, hombres y mujeres, que trabajan y venden las uvas a Bodegas Ant\u00eddoto, forman parte de este proyecto por m\u00e9rito propio. Conforman una red casi familiar en la que su aportaci\u00f3n y su arraigo son fundamentales.\u00a0 Trabajan bajo la batuta de los directores de esta singular orquesta, pero aportan los saberes de la tradici\u00f3n, de la tierra y del clima, un intercambio de conocimientos que solo puede enriquecer. Faenan desde el respeto al terreno y a las vi\u00f1as, como lo hac\u00edan sus antepasados, con apenas mecanizaci\u00f3n. Este curioso sistema de multiparcelas, un puzle diseminado de vi\u00f1edos ubicados en diferentes terrenos, obliga a una extraordinaria precisi\u00f3n, especialmente en el momento de la vendimia.<\/p>\n<p>Los viticultores, junto con todo el personal de la Bodega, conforman el necesario factor humano de Ant\u00eddoto y est\u00e1n detr\u00e1s de su raz\u00f3n de ser: el arraigo a una tierra con un car\u00e1cter especial, como sus propios vinos.<\/p>\n<p>[\/et_pb_text][et_pb_text disabled_on=\u00bbon|on|on\u00bb admin_label=\u00bbDiscover Beatuty Text\u00bb _builder_version=\u00bb4.21.0&#8243; text_font=\u00bbgil-sans||||||||\u00bb text_text_color=\u00bb#ccccb1&#8243; text_font_size=\u00bb22px\u00bb text_line_height=\u00bb1.2em\u00bb width=\u00bb70%\u00bb width_tablet=\u00bb70%\u00bb width_phone=\u00bb100%\u00bb width_last_edited=\u00bbon|phone\u00bb max_width=\u00bb100%\u00bb custom_margin=\u00bb|||-3px||\u00bb custom_padding=\u00bb1px|||||\u00bb animation_style=\u00bbslide\u00bb animation_direction=\u00bbtop\u00bb animation_delay=\u00bb200ms\u00bb animation_intensity_slide=\u00bb10%\u00bb disabled=\u00bbon\u00bb global_colors_info=\u00bb{}\u00bb]<\/p>\n<p>Tres a\u00f1os nos llev\u00f3 realizar un estudio de los suelos. Solo as\u00ed era posible elaborar el vino que cada parcela promet\u00eda.<\/p>\n<p>La mayor\u00eda de las vi\u00f1as estaban acostumbradas a una viticultura convencional, as\u00ed que comenz\u00f3 un periodo de recuperaci\u00f3n, para favorecer un ecosistema m\u00e1s equilibrado y sostenible. Hab\u00eda llegado el momento de adaptar las vi\u00f1as a una viticultura ecol\u00f3gica, es decir, sin contaminaci\u00f3n de productos fitosanitarios de s\u00edntesis.<\/p>\n<p>El trabajo en equipo comenzaba a dar sus frutos y en 2014 vieron la luz las primeras botellas.<\/p>\n<p>Desde entonces, cada a\u00f1o volvemos a embarcarnos en una nueva aventura junto a la familia y equipo de Bodegas Ant\u00eddoto. Siempre respetando el legado de esta tierra, cuidando de sus frutos y lanzando un mensaje con cada botella:<\/p>\n<p>Todo el mundo deber\u00eda conocer Soria\u2026 aunque \u201csolo\u201d sea a trav\u00e9s de sus vinos.<\/p>\n<p>[\/et_pb_text][\/et_pb_column][\/et_pb_row][\/et_pb_section]<\/p>\n","protected":false},"excerpt":{"rendered":"<p>EL CORAZ\u00d3N\u00a0Bertrand &amp; DavidSOBRE BERTRANDBertrand, el vigneron franc\u00e9s que se enamor\u00f3 de SoriaBertrand se inicia en el mundo del vino en la regi\u00f3n francesa del Loira, siguiendo la tradici\u00f3n familiar. En 1999 visita Soria por primera vez y encuentra una tierra con tradici\u00f3n vin\u00edcola, que apenas hab\u00eda explorado sus posibilidades, m\u00e1s all\u00e1 de la elaboraci\u00f3n [&hellip;]<\/p>\n","protected":false},"author":1,"featured_media":0,"parent":0,"menu_order":0,"comment_status":"closed","ping_status":"closed","template":"","meta":{"_et_pb_use_builder":"on","_et_pb_old_content":"","_et_gb_content_width":"","footnotes":""},"class_list":["post-31","page","type-page","status-publish","hentry"],"_links":{"self":[{"href":"https:\/\/www.bodegasantidoto.com\/index.php\/wp-json\/wp\/v2\/pages\/31","targetHints":{"allow":["GET"]}}],"collection":[{"href":"https:\/\/www.bodegasantidoto.com\/index.php\/wp-json\/wp\/v2\/pages"}],"about":[{"href":"https:\/\/www.bodegasantidoto.com\/index.php\/wp-json\/wp\/v2\/types\/page"}],"author":[{"embeddable":true,"href":"https:\/\/www.bodegasantidoto.com\/index.php\/wp-json\/wp\/v2\/users\/1"}],"replies":[{"embeddable":true,"href":"https:\/\/www.bodegasantidoto.com\/index.php\/wp-json\/wp\/v2\/comments?post=31"}],"version-history":[{"count":12,"href":"https:\/\/www.bodegasantidoto.com\/index.php\/wp-json\/wp\/v2\/pages\/31\/revisions"}],"predecessor-version":[{"id":287,"href":"https:\/\/www.bodegasantidoto.com\/index.php\/wp-json\/wp\/v2\/pages\/31\/revisions\/287"}],"wp:attachment":[{"href":"https:\/\/www.bodegasantidoto.com\/index.php\/wp-json\/wp\/v2\/media?parent=31"}],"curies":[{"name":"wp","href":"https:\/\/api.w.org\/{rel}","templated":true}]}}