{"id":209,"date":"2023-11-12T02:01:49","date_gmt":"2023-11-12T02:01:49","guid":{"rendered":"https:\/\/www.bodegasantidoto.com\/?page_id=209"},"modified":"2026-02-19T11:50:32","modified_gmt":"2026-02-19T11:50:32","slug":"about","status":"publish","type":"page","link":"https:\/\/www.bodegasantidoto.com\/index.php\/en\/about\/","title":{"rendered":"ABOUT"},"content":{"rendered":"<p>[et_pb_section fb_built=\u00bb1&#8243; _builder_version=\u00bb4.21.0&#8243; _module_preset=\u00bbdefault\u00bb background_color=\u00bb#000000&#8243; use_background_color_gradient=\u00bbon\u00bb background_color_gradient_stops=\u00bbrgba(0,0,0,0.18) 0%|rgba(0,0,0,0.08) 100%\u00bb background_color_gradient_overlays_image=\u00bbon\u00bb background_image=\u00bbhttps:\/\/www.bodegasantidoto.com\/wp-content\/uploads\/2023\/07\/112_ANTIDOTO_030523_WEB.jpg\u00bb custom_padding=\u00bb184px||195px|||\u00bb global_colors_info=\u00bb{}\u00bb][et_pb_row _builder_version=\u00bb4.20.0&#8243; _module_preset=\u00bbdefault\u00bb global_colors_info=\u00bb{}\u00bb][et_pb_column type=\u00bb4_4&#8243; _builder_version=\u00bb4.20.0&#8243; _module_preset=\u00bbdefault\u00bb global_colors_info=\u00bb{}\u00bb][et_pb_text admin_label=\u00bbCTA Section Title\u00bb _builder_version=\u00bb4.21.0&#8243; text_font=\u00bbgill-sans-regular|700|||||||\u00bb text_text_color=\u00bb#FFFFFF\u00bb text_font_size=\u00bb16px\u00bb text_line_height=\u00bb1em\u00bb header_font=\u00bbgill-sans-medium|||on|||||\u00bb header_text_align=\u00bbcenter\u00bb header_font_size=\u00bb16px\u00bb header_line_height=\u00bb1.2em\u00bb header_3_font=\u00bbgill-sans-medium||||||||\u00bb text_orientation=\u00bbcenter\u00bb width=\u00bb55%\u00bb width_tablet=\u00bb55%\u00bb width_phone=\u00bb100%\u00bb width_last_edited=\u00bbon|phone\u00bb max_width=\u00bb100%\u00bb module_alignment=\u00bbcenter\u00bb custom_margin=\u00bb||5px|||\u00bb custom_padding=\u00bb||10px|||\u00bb animation_style=\u00bbslide\u00bb animation_direction=\u00bbtop\u00bb animation_intensity_slide=\u00bb10%\u00bb locked=\u00bboff\u00bb global_colors_info=\u00bb{}\u00bb]THE HEART[\/et_pb_text][et_pb_text _builder_version=\u00bb4.21.0&#8243; _module_preset=\u00bbdefault\u00bb text_font=\u00bbzt-mota-regular||||||||\u00bb text_text_color=\u00bb#FFFFFF\u00bb text_font_size=\u00bb77px\u00bb text_orientation=\u00bbcenter\u00bb custom_margin=\u00bb20px|||||\u00bb text_line_height_tablet=\u00bb\u00bb text_line_height_phone=\u00bb1em\u00bb text_line_height_last_edited=\u00bbon|phone\u00bb global_colors_info=\u00bb{}\u00bb]<\/p>\n<p>Bertrand &amp; David<\/p>\n<p>[\/et_pb_text][\/et_pb_column][\/et_pb_row][\/et_pb_section][et_pb_section fb_built=\u00bb1&#8243; _builder_version=\u00bb4.20.0&#8243; _module_preset=\u00bbdefault\u00bb background_color=\u00bb#19180f\u00bb custom_padding=\u00bb89px||4px|||\u00bb collapsed=\u00bboff\u00bb global_colors_info=\u00bb{}\u00bb][et_pb_row _builder_version=\u00bb4.20.0&#8243; _module_preset=\u00bbdefault\u00bb width_tablet=\u00bb\u00bb width_phone=\u00bb100%\u00bb width_last_edited=\u00bbon|phone\u00bb max_width_tablet=\u00bb\u00bb max_width_phone=\u00bb95%\u00bb max_width_last_edited=\u00bbon|phone\u00bb module_alignment=\u00bbleft\u00bb min_height_tablet=\u00bb\u00bb min_height_phone=\u00bb\u00bb min_height_last_edited=\u00bbon|phone\u00bb custom_margin=\u00bb|auto|9px|auto||\u00bb custom_padding=\u00bb78px||78px||true|\u00bb module_alignment_tablet=\u00bbleft\u00bb module_alignment_phone=\u00bbcenter\u00bb module_alignment_last_edited=\u00bbon|phone\u00bb global_colors_info=\u00bb{}\u00bb][et_pb_column type=\u00bb4_4&#8243; _builder_version=\u00bb4.20.0&#8243; _module_preset=\u00bbdefault\u00bb global_colors_info=\u00bb{}\u00bb][et_pb_text admin_label=\u00bbCTA Section Title\u00bb _builder_version=\u00bb4.21.0&#8243; text_font=\u00bbgill-sans-medium||||||||\u00bb text_text_color=\u00bb#929276&#8243; text_font_size=\u00bb16px\u00bb text_line_height=\u00bb1em\u00bb header_font=\u00bbgill-sans-medium|||on|||||\u00bb header_text_align=\u00bbcenter\u00bb header_font_size=\u00bb16px\u00bb header_line_height=\u00bb1.2em\u00bb header_3_font=\u00bbgill-sans-medium||||||||\u00bb width=\u00bb61%\u00bb width_tablet=\u00bb61%\u00bb width_phone=\u00bb100%\u00bb width_last_edited=\u00bbon|phone\u00bb max_width_tablet=\u00bb\u00bb max_width_phone=\u00bb100%\u00bb max_width_last_edited=\u00bbon|phone\u00bb module_alignment=\u00bbcenter\u00bb custom_margin=\u00bb||5px|||\u00bb custom_padding=\u00bb||10px|||\u00bb animation_style=\u00bbslide\u00bb animation_direction=\u00bbtop\u00bb animation_intensity_slide=\u00bb10%\u00bb text_orientation_tablet=\u00bb\u00bb text_orientation_phone=\u00bbcenter\u00bb text_orientation_last_edited=\u00bbon|phone\u00bb locked=\u00bboff\u00bb global_colors_info=\u00bb{}\u00bb]ABOUT BERTRAND[\/et_pb_text][et_pb_text admin_label=\u00bbCTA Section Title\u00bb _builder_version=\u00bb4.21.0&#8243; text_font=\u00bb||||\u00bb text_line_height=\u00bb1em\u00bb header_font=\u00bbzt-mota-regular||||||||\u00bb header_text_align=\u00bbleft\u00bb header_text_color=\u00bb#929276&#8243; header_font_size=\u00bb53px\u00bb width=\u00bb61%\u00bb width_tablet=\u00bb61%\u00bb width_phone=\u00bb100%\u00bb width_last_edited=\u00bbon|phone\u00bb max_width=\u00bb100%\u00bb module_alignment=\u00bbcenter\u00bb custom_margin=\u00bb||5px|||\u00bb custom_padding=\u00bb|||\u00bb animation_style=\u00bbslide\u00bb animation_direction=\u00bbtop\u00bb animation_intensity_slide=\u00bb10%\u00bb header_text_align_tablet=\u00bbleft\u00bb header_text_align_phone=\u00bbcenter\u00bb header_text_align_last_edited=\u00bbon|phone\u00bb header_font_size_tablet=\u00bb45px\u00bb header_font_size_phone=\u00bb45px\u00bb header_font_size_last_edited=\u00bbon|phone\u00bb locked=\u00bboff\u00bb global_colors_info=\u00bb{}\u00bb]<\/p>\n<h1>Bertrand, the French vigneron who fell in love with Soria<\/h1>\n<p>[\/et_pb_text][et_pb_text admin_label=\u00bbCTA Section Title\u00bb _builder_version=\u00bb4.21.0&#8243; text_font=\u00bbgill-sans-medium||||||||\u00bb text_text_color=\u00bb#929276&#8243; text_font_size=\u00bb20px\u00bb text_line_height=\u00bb1.1em\u00bb header_font=\u00bbgill-sans-medium|||on|||||\u00bb header_text_align=\u00bbcenter\u00bb header_font_size=\u00bb16px\u00bb header_line_height=\u00bb1.2em\u00bb header_3_font=\u00bbgill-sans-medium||||||||\u00bb width=\u00bb61%\u00bb width_tablet=\u00bb61%\u00bb width_phone=\u00bb100%\u00bb width_last_edited=\u00bbon|phone\u00bb max_width=\u00bb100%\u00bb module_alignment=\u00bbcenter\u00bb custom_margin=\u00bb||5px|||\u00bb custom_padding=\u00bb||10px|||\u00bb animation_style=\u00bbslide\u00bb animation_direction=\u00bbtop\u00bb animation_intensity_slide=\u00bb10%\u00bb text_orientation_tablet=\u00bb\u00bb text_orientation_phone=\u00bbcenter\u00bb text_orientation_last_edited=\u00bbon|phone\u00bb locked=\u00bboff\u00bb global_colors_info=\u00bb{}\u00bb]<\/p>\n<p><span style=\"font-weight: 400;\">Bertrand began in the world of wine in the French region of Loira, following the family tradition. In 1999, he visited Soria for the first time and he found an area of wine-making tradition, which had barely explored the possibilities of this process, beyond homemade wines. However, the riverside area (Ribera) of Soria offered the treasures of old vines. Bertrand envisaged the potentiality of that area to make great wines, if the land was properly worked. So it was. His vision became a reality and his influence and methods spread throughout the Ribera del Duero of Soria; today, this region is known around the world thanks to its high-quality wines. The arrival of Bertrand was a small great revolution. As the poet Antonio Machado did during his period in Soria, Bertrand saw the virtue of the fields, which were hit by the harsh winter and the extreme climate; however, they hid an extraordinary potential.<\/span><\/p>\n<p><span style=\"font-weight: 400;\">After working in Atauta, in 2011 Bertrand founded Bodegas Ant\u00eddoto, together with David Hernando.<\/span><\/p>\n<p>[\/et_pb_text][\/et_pb_column][\/et_pb_row][\/et_pb_section][et_pb_section fb_built=\u00bb1&#8243; _builder_version=\u00bb4.20.0&#8243; background_color=\u00bb#f0eae0&#8243; custom_padding=\u00bb110px||110px|\u00bb collapsed=\u00bbon\u00bb global_colors_info=\u00bb{}\u00bb][et_pb_row column_structure=\u00bb1_2,1_2&#8243; _builder_version=\u00bb4.16&#8243; global_colors_info=\u00bb{}\u00bb][et_pb_column type=\u00bb1_2&#8243; _builder_version=\u00bb4.16&#8243; custom_padding=\u00bb|||\u00bb global_colors_info=\u00bb{}\u00bb custom_padding__hover=\u00bb|||\u00bb][et_pb_image src=\u00bbhttps:\/\/www.bodegasantidoto.com\/wp-content\/uploads\/2023\/07\/cata.jpg\u00bb title_text=\u00bbcata\u00bb align_tablet=\u00bbcenter\u00bb align_phone=\u00bb\u00bb align_last_edited=\u00bbon|desktop\u00bb _builder_version=\u00bb4.21.0&#8243; custom_margin=\u00bb0px|||||\u00bb animation_style=\u00bbfold\u00bb animation_direction=\u00bbleft\u00bb animation_intensity_fold=\u00bb20%\u00bb animation=\u00bbfade_in\u00bb global_colors_info=\u00bb{}\u00bb][\/et_pb_image][\/et_pb_column][et_pb_column type=\u00bb1_2&#8243; _builder_version=\u00bb4.20.0&#8243; _module_preset=\u00bbdefault\u00bb global_colors_info=\u00bb{}\u00bb][et_pb_text admin_label=\u00bbDiscover Beatuty Text\u00bb _builder_version=\u00bb4.21.0&#8243; text_font=\u00bbgill-sans-medium||||||||\u00bb text_text_color=\u00bbrgba(25,24,15,0.82)\u00bb text_font_size=\u00bb16px\u00bb text_line_height=\u00bb1.2em\u00bb custom_margin=\u00bb||1px|||\u00bb custom_padding=\u00bb1px|||||\u00bb animation_style=\u00bbslide\u00bb animation_direction=\u00bbtop\u00bb animation_delay=\u00bb200ms\u00bb animation_intensity_slide=\u00bb10%\u00bb global_colors_info=\u00bb{}\u00bb]<\/p>\n<p>ABOUT DAVID<\/p>\n<p>[\/et_pb_text][et_pb_text admin_label=\u00bbDiscover Beatuty Sub Title\u00bb _builder_version=\u00bb4.21.0&#8243; text_font=\u00bbRoboto||||\u00bb text_text_color=\u00bb#1a1a1a\u00bb text_font_size=\u00bb24px\u00bb text_line_height=\u00bb1.4em\u00bb header_font=\u00bbzt-mota-regular||||||||\u00bb header_text_color=\u00bb#abab8b\u00bb header_2_font=\u00bbzt-mota-regular||||||||\u00bb header_2_text_color=\u00bbrgba(25,24,15,0.81)\u00bb header_2_font_size=\u00bb33px\u00bb custom_padding=\u00bb17px|||||\u00bb animation_style=\u00bbslide\u00bb animation_direction=\u00bbtop\u00bb animation_intensity_slide=\u00bb10%\u00bb global_colors_info=\u00bb{}\u00bb]<\/p>\n<h2>David Hernando, proud of rural heritage<\/h2>\n<p>[\/et_pb_text][et_pb_text admin_label=\u00bbDiscover Beatuty Text\u00bb _builder_version=\u00bb4.21.0&#8243; text_font=\u00bbgill-sans-regular||||||||\u00bb text_text_color=\u00bbrgba(25,24,15,0.82)\u00bb text_font_size=\u00bb22px\u00bb text_line_height=\u00bb1.2em\u00bb custom_padding=\u00bb1px|||||\u00bb animation_style=\u00bbslide\u00bb animation_direction=\u00bbtop\u00bb animation_delay=\u00bb200ms\u00bb animation_intensity_slide=\u00bb10%\u00bb global_colors_info=\u00bb{}\u00bb]<\/p>\n<p>David had links with traditional wine-making and he took part in the production of family wine from a very young age.<\/p>\n<p>He completed his studies as a technical agricultural engineer and oenologist. He met Bertrand on the weekends he spent in San Esteban de Gormaz. They worked together during a professional stage prior to their joint project. In April 2011, they inaugurated the winery Bodegas Ant\u00eddoto.<\/p>\n<p>David is, above all, a vine-grower; in fact, one of the main vine-growers of Bodegas Ant\u00eddoto. And he is also a connoisseur of the entire area of influence of the winery, the villages and their people. He is proud of this rural heritage and the way in which they work, hand in hand with the vine-growers of the region. Whereas some people may think it would be crazy to coordinate the work of more than 600 plots, David sees a complex system, but very special and practically unique. Perhaps, a way of understanding life.<\/p>\n<p>[\/et_pb_text][\/et_pb_column][\/et_pb_row][\/et_pb_section][et_pb_section fb_built=\u00bb1&#8243; admin_label=\u00bbCTA\u00bb _builder_version=\u00bb4.21.0&#8243; background_image=\u00bbhttps:\/\/www.bodegasantidoto.com\/wp-content\/uploads\/2023\/07\/125_ANTIDOTO_030523_WEB.jpg\u00bb custom_margin=\u00bb|||\u00bb custom_padding=\u00bb260px||295px|4px||\u00bb collapsed=\u00bbon\u00bb global_colors_info=\u00bb{}\u00bb][\/et_pb_section][et_pb_section fb_built=\u00bb1&#8243; _builder_version=\u00bb4.20.0&#8243; _module_preset=\u00bbdefault\u00bb background_color=\u00bb#525216&#8243; custom_padding=\u00bb83px||73px|||\u00bb collapsed=\u00bbon\u00bb global_colors_info=\u00bb{}\u00bb][et_pb_row _builder_version=\u00bb4.20.0&#8243; _module_preset=\u00bbdefault\u00bb custom_padding=\u00bb||4px|||\u00bb global_colors_info=\u00bb{}\u00bb][et_pb_column type=\u00bb4_4&#8243; _builder_version=\u00bb4.20.0&#8243; _module_preset=\u00bbdefault\u00bb global_colors_info=\u00bb{}\u00bb][et_pb_text admin_label=\u00bbDiscover Beatuty Text\u00bb _builder_version=\u00bb4.21.0&#8243; text_font=\u00bbgill-sans-medium||||||||\u00bb text_text_color=\u00bbrgba(228,217,198,0.77)\u00bb text_font_size=\u00bb16px\u00bb text_line_height=\u00bb1.2em\u00bb custom_margin=\u00bb||1px|||\u00bb custom_padding=\u00bb1px|||||\u00bb animation_style=\u00bbslide\u00bb animation_direction=\u00bbtop\u00bb animation_delay=\u00bb200ms\u00bb animation_intensity_slide=\u00bb10%\u00bb global_colors_info=\u00bb{}\u00bb]<\/p>\n<p style=\"text-align: center;\">ABOUT THE VINE-GROWERS\n<\/p>\n<p>[\/et_pb_text][et_pb_text admin_label=\u00bbCTA Section Title\u00bb _builder_version=\u00bb4.21.0&#8243; text_font=\u00bb||||\u00bb text_line_height=\u00bb1em\u00bb header_font=\u00bbzt-mota-regular||||||||\u00bb header_text_align=\u00bbcenter\u00bb header_text_color=\u00bb#a7a788&#8243; header_font_size=\u00bb45px\u00bb width=\u00bb61%\u00bb width_tablet=\u00bb61%\u00bb width_phone=\u00bb100%\u00bb width_last_edited=\u00bbon|phone\u00bb max_width=\u00bb100%\u00bb module_alignment=\u00bbcenter\u00bb custom_margin=\u00bb||5px|||\u00bb custom_padding=\u00bb16px||34px|||\u00bb animation_style=\u00bbslide\u00bb animation_direction=\u00bbtop\u00bb animation_intensity_slide=\u00bb10%\u00bb header_font_size_tablet=\u00bb45px\u00bb header_font_size_phone=\u00bb45px\u00bb header_font_size_last_edited=\u00bbon|phone\u00bb locked=\u00bboff\u00bb global_colors_info=\u00bb{}\u00bb]<\/p>\n<h1>Roots and knowledge to work the land<br \/>\n<\/h1>\n<p>[\/et_pb_text][\/et_pb_column][\/et_pb_row][et_pb_row _builder_version=\u00bb4.16&#8243; max_width=\u00bb1280px\u00bb custom_padding=\u00bb0px|||||\u00bb use_custom_width=\u00bbon\u00bb custom_width_px=\u00bb1280px\u00bb global_colors_info=\u00bb{}\u00bb][et_pb_column type=\u00bb4_4&#8243; _builder_version=\u00bb4.16&#8243; custom_padding=\u00bb|||\u00bb global_colors_info=\u00bb{}\u00bb custom_padding__hover=\u00bb|||\u00bb][et_pb_image src=\u00bbhttps:\/\/www.bodegasantidoto.com\/wp-content\/uploads\/2023\/07\/mano_arena.jpg\u00bb title_text=\u00bbmano_arena\u00bb _builder_version=\u00bb4.21.0&#8243; _module_preset=\u00bbdefault\u00bb custom_margin=\u00bb||47px|||\u00bb global_colors_info=\u00bb{}\u00bb][\/et_pb_image][et_pb_text admin_label=\u00bbDiscover Beatuty Text\u00bb _builder_version=\u00bb4.21.0&#8243; text_font=\u00bbgill-sans-regular||||||||\u00bb text_text_color=\u00bb#ccccb1&#8243; text_font_size=\u00bb22px\u00bb text_line_height=\u00bb1.2em\u00bb width=\u00bb70%\u00bb width_tablet=\u00bb70%\u00bb width_phone=\u00bb100%\u00bb width_last_edited=\u00bbon|phone\u00bb max_width=\u00bb100%\u00bb custom_margin=\u00bb|||-3px||\u00bb custom_padding=\u00bb1px|||||\u00bb animation_style=\u00bbslide\u00bb animation_direction=\u00bbtop\u00bb animation_delay=\u00bb200ms\u00bb animation_intensity_slide=\u00bb10%\u00bb global_colors_info=\u00bb{}\u00bb]All the people, men and women who work and sell grapes to Bodegas Ant\u00eddoto, are part of this project in their own rights. They form an almost family network in which, their contribution and commitment are vital. They work under the baton of the conductors of this unique orchestra, but they provide knowledge of tradition, land and climate; an exchange of experiences that enriches our project. They work the land and the vineyards respectfully, as their ancestors did, with almost no mechanisation. This curious system of multi-plots is like a scattered puzzle of vineyards located in different areas. It requires having an extraordinary accuracy, in particular, during the grape harvest.<br \/>\nThe vine-growers, together with all the personnel of the winery, represent the essential human factor of Ant\u00eddoto. And they support our raison d\u2019\u00eatre: the roots in a land with a special character, like our own wines. [\/et_pb_text][et_pb_text disabled_on=\u00bbon|on|on\u00bb admin_label=\u00bbDiscover Beatuty Text\u00bb _builder_version=\u00bb4.21.0&#8243; text_font=\u00bbgil-sans||||||||\u00bb text_text_color=\u00bb#ccccb1&#8243; text_font_size=\u00bb22px\u00bb text_line_height=\u00bb1.2em\u00bb width=\u00bb70%\u00bb width_tablet=\u00bb70%\u00bb width_phone=\u00bb100%\u00bb width_last_edited=\u00bbon|phone\u00bb max_width=\u00bb100%\u00bb custom_margin=\u00bb|||-3px||\u00bb custom_padding=\u00bb1px|||||\u00bb animation_style=\u00bbslide\u00bb animation_direction=\u00bbtop\u00bb animation_delay=\u00bb200ms\u00bb animation_intensity_slide=\u00bb10%\u00bb disabled=\u00bbon\u00bb global_colors_info=\u00bb{}\u00bb]<\/p>\n<p>Tres a\u00f1os nos llev\u00f3 realizar un estudio de los suelos. Solo as\u00ed era posible elaborar el vino que cada parcela promet\u00eda.<\/p>\n<p>La mayor\u00eda de las vi\u00f1as estaban acostumbradas a una viticultura convencional, as\u00ed que comenz\u00f3 un periodo de recuperaci\u00f3n, para favorecer un ecosistema m\u00e1s equilibrado y sostenible. Hab\u00eda llegado el momento de adaptar las vi\u00f1as a una viticultura ecol\u00f3gica, es decir, sin contaminaci\u00f3n de productos fitosanitarios de s\u00edntesis.<\/p>\n<p>El trabajo en equipo comenzaba a dar sus frutos y en 2014 vieron la luz las primeras botellas.<\/p>\n<p>Desde entonces, cada a\u00f1o volvemos a embarcarnos en una nueva aventura junto a la familia y equipo de Bodegas Ant\u00eddoto. Siempre respetando el legado de esta tierra, cuidando de sus frutos y lanzando un mensaje con cada botella:<\/p>\n<p>Todo el mundo deber\u00eda conocer Soria\u2026 aunque \u201csolo\u201d sea a trav\u00e9s de sus vinos.<\/p>\n<p>[\/et_pb_text][\/et_pb_column][\/et_pb_row][\/et_pb_section]<\/p>\n","protected":false},"excerpt":{"rendered":"<p>THE HEARTBertrand &amp; DavidABOUT BERTRANDBertrand, the French vigneron who fell in love with SoriaBertrand began in the world of wine in the French region of Loira, following the family tradition. In 1999, he visited Soria for the first time and he found an area of wine-making tradition, which had barely explored the possibilities of this [&hellip;]<\/p>\n","protected":false},"author":1,"featured_media":0,"parent":0,"menu_order":0,"comment_status":"closed","ping_status":"closed","template":"","meta":{"_et_pb_use_builder":"on","_et_pb_old_content":"","_et_gb_content_width":"","footnotes":""},"class_list":["post-209","page","type-page","status-publish","hentry"],"_links":{"self":[{"href":"https:\/\/www.bodegasantidoto.com\/index.php\/wp-json\/wp\/v2\/pages\/209","targetHints":{"allow":["GET"]}}],"collection":[{"href":"https:\/\/www.bodegasantidoto.com\/index.php\/wp-json\/wp\/v2\/pages"}],"about":[{"href":"https:\/\/www.bodegasantidoto.com\/index.php\/wp-json\/wp\/v2\/types\/page"}],"author":[{"embeddable":true,"href":"https:\/\/www.bodegasantidoto.com\/index.php\/wp-json\/wp\/v2\/users\/1"}],"replies":[{"embeddable":true,"href":"https:\/\/www.bodegasantidoto.com\/index.php\/wp-json\/wp\/v2\/comments?post=209"}],"version-history":[{"count":5,"href":"https:\/\/www.bodegasantidoto.com\/index.php\/wp-json\/wp\/v2\/pages\/209\/revisions"}],"predecessor-version":[{"id":290,"href":"https:\/\/www.bodegasantidoto.com\/index.php\/wp-json\/wp\/v2\/pages\/209\/revisions\/290"}],"wp:attachment":[{"href":"https:\/\/www.bodegasantidoto.com\/index.php\/wp-json\/wp\/v2\/media?parent=209"}],"curies":[{"name":"wp","href":"https:\/\/api.w.org\/{rel}","templated":true}]}}